{"id":10368,"date":"2026-01-18T17:41:26","date_gmt":"2026-01-18T13:41:26","guid":{"rendered":"https:\/\/liontourdubai.com\/%d8%a7%d9%84%d8%a3%d9%86%d8%b4%d8%b7%d8%a9\/"},"modified":"2026-02-20T15:13:18","modified_gmt":"2026-02-20T11:13:18","slug":"%d8%a7%d9%84%d8%a3%d9%86%d8%b4%d8%b7%d8%a9","status":"publish","type":"page","link":"https:\/\/liontourdubai.com\/ar\/%d8%a7%d9%84%d8%a3%d9%86%d8%b4%d8%b7%d8%a9\/","title":{"rendered":"\u0627\u0644\u0623\u0646\u0634\u0637\u0629"},"content":{"rendered":"\t\t<div data-elementor-type=\"wp-page\" data-elementor-id=\"10368\" class=\"elementor elementor-10368 elementor-9818\">\n\t\t\t\t\t\t<section class=\"elementor-section elementor-top-section elementor-element elementor-element-9c7f214 elementor-section-boxed elementor-section-height-default elementor-section-height-default\" data-id=\"9c7f214\" data-element_type=\"section\" data-e-type=\"section\">\n\t\t\t\t\t\t<div class=\"elementor-container elementor-column-gap-default\">\n\t\t\t\t\t<div class=\"elementor-column elementor-col-100 elementor-top-column elementor-element elementor-element-0c76b0d\" data-id=\"0c76b0d\" data-element_type=\"column\" data-e-type=\"column\">\n\t\t\t<div class=\"elementor-widget-wrap elementor-element-populated\">\n\t\t\t\t\t\t<div class=\"elementor-element elementor-element-f140afa elementor-widget elementor-widget-ovabrw_search_ajax_sidebar\" data-id=\"f140afa\" data-element_type=\"widget\" data-e-type=\"widget\" data-widget_type=\"ovabrw_search_ajax_sidebar.default\">\n\t\t\t\t<div class=\"elementor-widget-container\">\n\t\t\t\t\t\n<div class=\"ovabrw-search-ajax ovabrw-search-ajax-sidebar\">\n\t<div class=\"wrap-search-ajax wrap-search-ajax-sidebar left_sidebar\" \n\t    data-adults=\"0\"\n\t    data-childrens=\"0\" \n\t    data-babies=\"0\" \n\t    data-sort_by_default=\"date\"\n\t    data-start-price=\"65\"\n\t    data-end-price=\"1900\"\n\t    data-grid_column=\"column3\"\n\t    data-thumbnail-type=\"image\">\n\t\t<div class=\"search-main-content\">\n\t\t    <!-- Filter -->\n\t\t\t\t\t        <div class=\"ovabrw-tour-filter\">\n\t\t        \t<div class=\"left-filter\">\n\t\t        \t\t<span class=\"tour-found-text number-result-tour-found\">\n\t\t\t        \t\t0\t\t\t        \t<\/span>\n\t\t        \t\t<span class=\"tour-found-text\">\n\t\t\t        \t\t\u062a\u0645 \u0627\u0644\u0639\u062b\u0648\u0631 \u0639\u0644\u0649 \u0627\u0644\u0646\u0634\u0627\u0637\t\t\t        \t<\/span>\n\t\t\t        \t<span class=\"clear-filter\">\n\t\t\t        \t\t\u0641\u0644\u062a\u0631 \u0646\u0638\u064a\u0641\t\t\t        \t<\/span>\n\t\t        \t<\/div>\n\t\t        \t<div class=\"right-filter\">\n\t\t        \t\t<div class=\"filter-sort\">\n\t\t        \t\t\t<input\n\t\t        \t\t\t\ttype=\"text\"\n\t\t        \t\t\t\tclass=\"input_select_input\"\n\t\t        \t\t\t\tname=\"sr_sort_by_label\"\n\t\t        \t\t\t\tvalue=\"\u0641\u0631\u0632 \u062d\u0633\u0628\"\n\t\t        \t\t\t\tautocomplete=\"off\"\n\t\t        \t\t\t\treadonly=\"readonly\"\n\t\t        \t\t\t\/>\n\t\t\t\t\t\t\t<input\n\t\t\t\t\t\t\t\ttype=\"hidden\"\n\t\t\t\t\t\t\t\tclass=\"input_select_input_value\"\n\t\t\t\t\t\t\t\tname=\"sr_sort_by\"\n\t\t\t\t\t\t\t\tvalue=\"date\"\n\t\t\t\t\t\t\t\/>\n\t\t\t\t\t\t\t<ul class=\"input_select_list\" style=\"display: none;\">\n\t\t\t\t\t\t\t    <li class=\"term_item term_item_selected\" \n\t\t\t\t\t\t\t    \tdata-id=\"date\"\n\t\t\t\t\t\t\t    \tdata-value=\"\u0641\u0631\u0632 \u062d\u0633\u0628 \u0627\u0644\u0623\u062d\u062f\u062b\">\n\t\t\t\t\t\t\t\t    \u0627\u0644\u0623\u062d\u062f\u062b\t\t\t\t\t\t\t\t<\/li>\n\t\t\t\t\t\t\t\t<li class=\"term_item \" \n\t\t\t\t\t\t\t\t\tdata-id=\"rating_desc\" \n\t\t\t\t\t\t\t\t\tdata-value=\"\u0641\u0631\u0632 \u062d\u0633\u0628 \u0627\u0644\u062a\u0635\u0646\u064a\u0641\">\n\t\t\t\t\t\t\t\t\t\u0627\u0644\u062a\u0642\u064a\u064a\u0645\t\t\t\t\t\t\t\t<\/li>\n\t\t\t\t\t\t\t\t<li class=\"term_item \" \n\t\t\t\t\t\t\t\t\tdata-id=\"price_asc\" \n\t\t\t\t\t\t\t\t\tdata-value=\"\u0627\u0644\u062a\u0631\u062a\u064a\u0628 \u062d\u0633\u0628 \u0627\u0644\u0633\u0639\u0631: \u0645\u0646 \u0627\u0644\u0623\u0642\u0644 \u0625\u0644\u0649 \u0627\u0644\u0623\u0639\u0644\u0649\">\n\t\t\t\t\t\t\t\t\t\u0627\u0644\u0633\u0639\u0631: \u0645\u0646\u062e\u0641\u0636 \u0625\u0644\u0649 \u0645\u0631\u062a\u0641\u0639\t\t\t\t\t\t\t\t<\/li>\n\t\t\t\t\t\t\t\t<li class=\"term_item \" \n\t\t\t\t\t\t\t\t\tdata-id=\"price_desc\" \n\t\t\t\t\t\t\t\t\tdata-value=\"\u0627\u0644\u062a\u0631\u062a\u064a\u0628 \u062d\u0633\u0628 \u0627\u0644\u0633\u0639\u0631: \u0645\u0646 \u0627\u0644\u0623\u0639\u0644\u0649 \u0625\u0644\u0649 \u0627\u0644\u0623\u0642\u0644\">\n\t\t\t\t\t\t\t\t\t  \u0627\u0644\u0633\u0639\u0631: \u0645\u0646 \u0627\u0644\u0623\u0639\u0644\u0649 \u0625\u0644\u0649 \u0627\u0644\u0623\u062f\u0646\u0649\t\t\t\t\t\t\t\t<\/li>\n\t\t\t\t\t\t\t<\/ul>\n\t\t\t\t\t\t<\/div>\n\t\t\t\t\t\t<div class=\"asc_desc_sort\">\n\t\t        \t\t\t<i aria-hidden=\"true\" class=\"asc_sort icomoon icomoon-chevron-up\"><\/i>\n\t\t        \t\t    <i aria-hidden=\"true\" class=\"desc_sort icomoon icomoon-chevron-down\"><\/i>\n\t\t        \t\t<\/div>\n\t\t        \t\t<div class=\"filter-result-layout\">\n\t\t\t        \t\t<i aria-hidden=\"true\" class=\"filter-layout filter-layout-active icomoon icomoon-list\" data-layout=\"list\"><\/i>\n\t\t\t\t\t\t\t<i aria-hidden=\"true\" class=\"filter-layout  icomoon icomoon-gird\" data-layout=\"grid\"><\/i>\n\t\t\t\t\t\t<\/div>\n\t\t         \t<\/div>\t\n\t\t        <\/div>\n\t\t    \n\t\t\t<!-- Load more -->\n\t\t\t<div class=\"wrap-load-more\" style=\"display: none;\">\n\t\t\t\t<svg class=\"loader\" width=\"50\" height=\"50\">\n\t\t\t\t\t<circle cx=\"25\" cy=\"25\" r=\"10\" \/>\n\t\t\t\t\t<circle cx=\"25\" cy=\"25\" r=\"20\" \/>\n\t\t\t\t<\/svg>\n\t\t\t<\/div><!-- End load more -->\n\n\t\t\t<!-- Search result -->\n\t\t\t\t\t\t\t\t<div \n\t\t\t\t\t\tid=\"brw-search-ajax-result\" \n\t\t\t\t\t\tclass=\"brw-search-ajax-result\" \n\t\t\t\t\t\tdata-order=\"DESC\" \n\t\t\t\t\t\tdata-orderby=\"date\" \n\t\t\t\t\t\tdata-defautl-category=\"[&quot;activities&quot;]\" \n\t\t\t\t\t\tdata-show-category=\"\" \n\t\t\t\t\t\tdata-orderby_meta_key=\"\" \n\t\t\t\t\t\tdata-posts-per-page=\"6\"\n\t\t\t\t\t>\n\t\t\t\t\t<\/div>\n\t\t\t\t\t\t<\/div>\n\n\t\t<!-- Search Sidebar -->\n\t\t<div class=\"search-ajax-sidebar\">\n            <!--Search -->\n\t\t\t<div class=\"ovabrw-search\">\n\t\t\t\t\t\t\t    \t<h4 class=\"search-title\">\n\t\t\t    \t\t\u0646\u0634\u0627\u0637 \u0627\u0644\u0628\u062d\u062b\t\t\t    \t\t<i aria-hidden=\"true\" class=\"icomoon icomoon-chevron-up\"><\/i>\n\t\t\t    \t<\/h4>\n\t\t\t\t\t\t\t\t<form class=\"ovabrw-search-form\" method=\"POST\" autocomplete=\"off\">\t\n\t\t\t\t\t<div class=\"ovabrw-s-field\">\n\t\t\t\t\t\t<!-- destinations dropdown -->\n\t\t\t\t\t\t\n\t\t\t            <!-- Check-in date -->\n\t\t\t            \t\t\t\t\t\t\t<div class=\"search-field\">\n\t\t\t\t\t\t\t\t<div class=\"ovabrw-input\">\n\t\t\t\t\t\t\t\t\t<div class=\"ovabrw-label\">\n\t\t\t\t\t\t\t\t\t\t<i aria-hidden=\"true\" class=\"icomoon icomoon-calander\"><\/i>\t\t\t\t\t\t\t\t\t<\/div>\n\t\t\t\t\t\t\t\t\t<input type=\"text\" id=\"ovabrw_checkin-date_1778531662_401217716\" class=\"ovabrw-datepicker-start\" name=\"ovabrw_pickup_date\" value=\"\" placeholder=\"\u0627\u0644\u064a\u0648\u0645-\u0634\u0647\u0631-\u0633\u0646\u0629-\u0633\u0646\u0629-\u0633\u0646\u0629\"  \/>\t\t\t\t\t\t\t\t<\/div>\n\t\t\t\t\t\t\t<\/div>\n\t\t\t\t\t\t\t\t\t\t\t\t\t<div class=\"search-field guestspicker-control\">\n\t\t\t\t\t\t\t\t<div class=\"ovabrw-input ovabrw-guestspicker-content-wrapper\">\n\t\t\t\t\t\t\t\t\t<div class=\"ovabrw-label\">\n\t\t\t\t\t\t\t\t\t\t<i aria-hidden=\"true\" class=\"icomoon icomoon-user\"><\/i>\t\t\t\t\t\t\t\t\t<\/div>\n\t\t\t\t\t\t\t\t\t<div class=\"ovabrw-guestspicker\">\n\t\t\t\t\t\t\t\t\t\t<div class=\"guestspicker\">\n\t\t\t\t\t\t\t\t\t\t\t<span class=\"gueststotal\">\n\t\t\t\t\t\t\t\t\t\t\t\t0\t\t\t\t\t\t\t\t\t\t\t<\/span>\n\t\t\t\t\t\t\t\t\t\t\t<span class=\"guestslabel\">\n\t\t\t\t\t\t\t\t\t\t\t\t\t\t\t\t\t\t\t\t\t\t\t<\/span>\n\t\t\t\t\t\t\t\t\t\t<\/div>\n\t\t\t\t\t\t\t\t\t<\/div>\n\t\t\t\t\t\t\t\t\t<div class=\"ovabrw-guestspicker-content\">\n\t\t\t\t\t\t\t\t\t\t\t\t\t\t\t\t\t\t\t\t\t<div class=\"guests-buttons\">\n\t\t\t\t\t\t\t\t\t\t\t\t<div class=\"description\">\n\t\t\t\t\t\t\t\t\t\t\t\t\t<label>\n\t\t\t\t\t\t\t\t\t\t\t\t\t\t\u0644\u0644\u0628\u0627\u0644\u063a\u064a\u0646\t\t\t\t\t\t\t\t\t\t\t\t\t<\/label>\n\t\t\t\t\t\t\t\t\t\t\t\t<\/div>\n\t\t\t\t\t\t\t\t\t\t\t\t<div class=\"guests-button\">\n\t\t\t\t\t\t\t\t\t\t\t\t\t<div class=\"guests-icon minus\">\n\t\t\t\t\t\t\t\t\t\t\t\t\t\t<i class=\"fas fa-minus\"><\/i>\n\t\t\t\t\t\t\t\t\t\t\t\t\t<\/div>\n\t\t\t\t\t\t\t\t\t\t\t\t\t<input\n\t\t\t\t\t\t\t\t\t\t\t\t\t\ttype=\"text\"\n\t\t\t\t\t\t\t\t\t\t\t\t\t\tid=\"ovabrw_adults\"\n\t\t\t\t\t\t\t\t\t\t\t\t\t\tclass=\"ovabrw_adults\"\n\t\t\t\t\t\t\t\t\t\t\t\t\t\tname=\"ovabrw_adults\"\n\t\t\t\t\t\t\t\t\t\t\t\t\t\tvalue=\"0\"\n\t\t\t\t\t\t\t\t\t\t\t\t\t\tmin=\"0\"\n\t\t\t\t\t\t\t\t\t\t\t\t\t\tmax=\"30\"\n\t\t\t\t\t\t\t\t\t\t\t\t\t\/>\n\t\t\t\t\t\t\t\t\t\t\t\t\t<div class=\"guests-icon plus\">\n\t\t\t\t\t\t\t\t\t\t\t\t\t\t<i class=\"fas fa-plus\"><\/i>\n\t\t\t\t\t\t\t\t\t\t\t\t\t<\/div>\n\t\t\t\t\t\t\t\t\t\t\t\t<\/div>\n\t\t\t\t\t\t\t\t\t\t\t<\/div>\n\t\t\t\t\t\t\t\t\t\t\t\t\t\t\t\t\t\t\t\t\t<div class=\"guests-buttons\">\n\t\t\t\t\t\t\t\t\t\t\t\t<div class=\"description\">\n\t\t\t\t\t\t\t\t\t\t\t\t\t<label>\n\t\t\t\t\t\t\t\t\t\t\t\t\t\t\u0637\u0641\u0644 (3-12 \u0633\u0646\u0629)\t\t\t\t\t\t\t\t\t\t\t\t\t<\/label>\n\t\t\t\t\t\t\t\t\t\t\t\t<\/div>\n\t\t\t\t\t\t\t\t\t\t\t\t<div class=\"guests-button\">\n\t\t\t\t\t\t\t\t\t\t\t\t\t<div class=\"guests-icon minus\">\n\t\t\t\t\t\t\t\t\t\t\t\t\t\t<i class=\"fas fa-minus\"><\/i>\n\t\t\t\t\t\t\t\t\t\t\t\t\t<\/div>\n\t\t\t\t\t\t\t\t\t\t\t\t\t<input\n\t\t\t\t\t\t\t\t\t\t\t\t\t\ttype=\"text\"\n\t\t\t\t\t\t\t\t\t\t\t\t\t\tid=\"ovabrw_childrens\"\n\t\t\t\t\t\t\t\t\t\t\t\t\t\tclass=\"ovabrw_childrens\"\n\t\t\t\t\t\t\t\t\t\t\t\t\t\tname=\"ovabrw_childrens\"\n\t\t\t\t\t\t\t\t\t\t\t\t\t\tvalue=\"0\"\n\t\t\t\t\t\t\t\t\t\t\t\t\t\tmin=\"0\"\n\t\t\t\t\t\t\t\t\t\t\t\t\t\tmax=\"10\"\n\t\t\t\t\t\t\t\t\t\t\t\t\t\/>\n\t\t\t\t\t\t\t\t\t\t\t\t\t<div class=\"guests-icon plus\">\n\t\t\t\t\t\t\t\t\t\t\t\t\t\t<i class=\"fas fa-plus\"><\/i>\n\t\t\t\t\t\t\t\t\t\t\t\t\t<\/div>\n\t\t\t\t\t\t\t\t\t\t\t\t<\/div>\n\t\t\t\t\t\t\t\t\t\t\t<\/div>\n\t\t\t\t\t\t\t\t\t\t\t\t\t\t\t\t\t\t\t\t\t<div class=\"guests-buttons\">\n\t\t\t\t\t\t\t\t\t\t\t\t<div class=\"description\">\n\t\t\t\t\t\t\t\t\t\t\t\t\t<label>\n\t\t\t\t\t\t\t\t\t\t\t\t\t\t\u0627\u0644\u0637\u0641\u0644 (\u0635\u0641\u0631-2)\t\t\t\t\t\t\t\t\t\t\t\t\t<\/label>\n\t\t\t\t\t\t\t\t\t\t\t\t<\/div>\n\t\t\t\t\t\t\t\t\t\t\t\t<div class=\"guests-button\">\n\t\t\t\t\t\t\t\t\t\t\t\t\t<div class=\"guests-icon minus\">\n\t\t\t\t\t\t\t\t\t\t\t\t\t\t<i class=\"fas fa-minus\"><\/i>\n\t\t\t\t\t\t\t\t\t\t\t\t\t<\/div>\n\t\t\t\t\t\t\t\t\t\t\t\t\t<input\n\t\t\t\t\t\t\t\t\t\t\t\t\t\ttype=\"text\"\n\t\t\t\t\t\t\t\t\t\t\t\t\t\tid=\"ovabrw_babies\"\n\t\t\t\t\t\t\t\t\t\t\t\t\t\tclass=\"ovabrw_babies\"\n\t\t\t\t\t\t\t\t\t\t\t\t\t\tname=\"ovabrw_babies\"\n\t\t\t\t\t\t\t\t\t\t\t\t\t\tvalue=\"0\"\n\t\t\t\t\t\t\t\t\t\t\t\t\t\tmin=\"0\"\n\t\t\t\t\t\t\t\t\t\t\t\t\t\tmax=\"10\"\n\t\t\t\t\t\t\t\t\t\t\t\t\t\/>\n\t\t\t\t\t\t\t\t\t\t\t\t\t<div class=\"guests-icon plus\">\n\t\t\t\t\t\t\t\t\t\t\t\t\t\t<i class=\"fas fa-plus\"><\/i>\n\t\t\t\t\t\t\t\t\t\t\t\t\t<\/div>\n\t\t\t\t\t\t\t\t\t\t\t\t<\/div>\n\t\t\t\t\t\t\t\t\t\t\t<\/div>\n\t\t\t\t\t\t\t\t\t\t\t\t\t\t\t\t\t\t\t<\/div>\n\t\t\t\t\t\t\t\t<\/div>\n\t\t\t\t\t\t\t<\/div>\n\t\t\t\t\t\t\t\t\t\t\t<\/div>\n\n\t\t\t\t\t<!-- Advanced Search -->\n\t\t\t\t\t\t\t\t\t        <div class=\"ovabrw-search-advanced-sidebar\">\n\t\t\t\t        \t<div class=\"search-advanced-field-wrapper\">\n\t\t\t\t        \t\t<!-- Price Filter -->\n\t\t\t\t        \t\t\t\t\t\t\t        \t    <div class=\"search-advanced-field price-field\">\n\t\t\t\t\t        \t    \t<span class=\"ovabrw-label\">\n\t\t\t\t\t        \t    \t\t\u0633\u0639\u0631 \u0627\u0644\u062a\u0635\u0641\u064a\u0629\t\t\t\t\t        \t    \t\t<i aria-hidden=\"true\" class=\"icomoon icomoon-chevron-up\"><\/i>\n\t\t\t\t\t        \t    \t<\/span>\n\t\t\t\t\t        \t    \t<div class=\"search-advanced-content\">\n\t\t\t\t\t        \t    \t\t<div class=\"slider-wrapper\">\n\t\t\t\t\t\t\t\t\t\t    <div id=\"brw-tour-price-slider\"><\/div>\n\t\t\t\t\t\t\t\t\t\t\t<\/div>\n\t\t\t\t\t\t\t\t\t\t\t<div class=\"brw-tour-price-input\" data-currency_symbol=\"&#036;\" data-auto=\"\">\n\t\t\t\t\t\t\t\t\t\t\t\t<div class=\"tour-price-value\">\n\t\t\t\t\t\t\t\t\t\t\t\t\t<span>\n\t\t\t\t\t\t\t\t\t\t\t\t\t\t&#036;\t\t\t\t\t\t\t\t\t\t\t\t\t<\/span>\n\t\t\t\t\t\t\t        \t    \t    <input\n\t\t\t\t\t\t\t        \t    \t    \ttype=\"text\"\n\t\t\t\t\t\t\t        \t    \t    \tclass=\"brw-tour-price-from\"\n\t\t\t\t\t\t\t        \t    \t    \tvalue=\"65\"data-value=\"65\"\n\t\t\t\t\t\t\t        \t    \t    \/>\n\t\t\t\t\t\t\t\t\t\t\t\t<\/div>\n\t\t\t\t\t\t\t\t\t\t\t\t<div class=\"tour-price-value\">\n\t\t\t\t\t\t\t\t\t\t\t\t\t<span>\n\t\t\t\t\t\t\t\t\t\t\t\t\t\t&#036;\t\t\t\t\t\t\t\t\t\t\t\t\t<\/span>\n\t\t\t\t\t\t\t\t\t\t\t\t\t<input\n\t\t\t\t\t\t\t\t\t\t\t\t\t\ttype=\"text\"\n\t\t\t\t\t\t\t\t\t\t\t\t\t\tclass=\"brw-tour-price-to\"\n\t\t\t\t\t\t\t\t\t\t\t\t\t\tvalue=\"1900\" data-value=\"1900\"\n\t\t\t\t\t\t\t\t\t\t\t\t\t\/>\n\t\t\t\t\t\t\t\t\t\t\t\t<\/div>\n\t\t\t\t\t\t\t\t\t\t\t<\/div>\n\t\t\t\t\t        \t    \t<\/div>\n\t\t\t\t\t        \t    <\/div>\n\t\t\t\t\t        \t\n\t\t\t\t        \t    <!-- Rating Filter -->\n\t\t\t\t        \t    \t\t\t\t\t        \t    <div class=\"search-advanced-field tour-duration-field\">\n\t\t\t\t\t        \t    \t<span class=\"ovabrw-label\">\n\t\t\t\t\t        \t    \t\t\u0627\u0644\u0645\u062f\u0629\t\t\t\t\t        \t    \t<\/span>\n\t\t\t\t\t        \t    \t\t\t\t\t\t                \t\t<div class=\"duration-field\">\n\t\t\t\t\t\t                \t\t<input\n\t\t\t\t\t\t                \t\t\ttype=\"radio\"\n\t\t\t\t\t\t                \t\t\tid=\"duration-filter-0\"\n\t\t\t\t\t\t                \t\t\tclass=\"duration-filter\"\n\t\t\t\t\t\t                \t\t\tname=\"duration_value_from\"\n\t\t\t\t\t\t                \t\t\tvalue=\"0\"\n\t\t\t\t\t\t                \t\t\/>\n\t\t\t\t\t\t                \t\t<input\n\t\t\t\t\t\t                \t\t\ttype=\"hidden\"\n\t\t\t\t\t\t                \t\t\tclass=\"duration-filter-to\"\n\t\t\t\t\t\t                \t\t\tname=\"duration_value_to\"\n\t\t\t\t\t\t                \t\t\tvalue=\"3\"\n\t\t\t\t\t\t                \t\t\/>\n\t\t\t\t\t\t                \t\t<input\n\t\t\t\t\t\t                \t\t\ttype=\"hidden\"\n\t\t\t\t\t\t                \t\t\tclass=\"duration-filter-type\"\n\t\t\t\t\t\t                \t\t\tname=\"duration_value_type\"\n\t\t\t\t\t\t                \t\t\tvalue=\"hour\"\n\t\t\t\t\t\t                \t\t\/>\n\t\t\t\t\t\t        \t     \t\t<label for=\"duration-filter-0\">\n\t\t\t\t\t\t\t\t\t\t\t\t\t<span class=\"duration-name\">\n\t\t\t\t\t\t\t\t\t\t\t\t\t\t\u0645\u0646 0-3 \u0633\u0627\u0639\u0627\u062a\t\t\t\t\t\t\t\t\t\t\t\t\t<\/span>\n\t\t\t\t\t\t\t\t\t\t\t\t<\/label>\n\t\t\t\t\t                \t\t<\/div>\n\t\t\t\t\t                \t\t\t\t\t\t\t                \t\t<div class=\"duration-field\">\n\t\t\t\t\t\t                \t\t<input\n\t\t\t\t\t\t                \t\t\ttype=\"radio\"\n\t\t\t\t\t\t                \t\t\tid=\"duration-filter-1\"\n\t\t\t\t\t\t                \t\t\tclass=\"duration-filter\"\n\t\t\t\t\t\t                \t\t\tname=\"duration_value_from\"\n\t\t\t\t\t\t                \t\t\tvalue=\"3\"\n\t\t\t\t\t\t                \t\t\/>\n\t\t\t\t\t\t                \t\t<input\n\t\t\t\t\t\t                \t\t\ttype=\"hidden\"\n\t\t\t\t\t\t                \t\t\tclass=\"duration-filter-to\"\n\t\t\t\t\t\t                \t\t\tname=\"duration_value_to\"\n\t\t\t\t\t\t                \t\t\tvalue=\"5\"\n\t\t\t\t\t\t                \t\t\/>\n\t\t\t\t\t\t                \t\t<input\n\t\t\t\t\t\t                \t\t\ttype=\"hidden\"\n\t\t\t\t\t\t                \t\t\tclass=\"duration-filter-type\"\n\t\t\t\t\t\t                \t\t\tname=\"duration_value_type\"\n\t\t\t\t\t\t                \t\t\tvalue=\"hour\"\n\t\t\t\t\t\t                \t\t\/>\n\t\t\t\t\t\t        \t     \t\t<label for=\"duration-filter-1\">\n\t\t\t\t\t\t\t\t\t\t\t\t\t<span class=\"duration-name\">\n\t\t\t\t\t\t\t\t\t\t\t\t\t\t3-5 \u0633\u0627\u0639\u0627\u062a\t\t\t\t\t\t\t\t\t\t\t\t\t<\/span>\n\t\t\t\t\t\t\t\t\t\t\t\t<\/label>\n\t\t\t\t\t                \t\t<\/div>\n\t\t\t\t\t                \t\t\t\t\t\t\t                \t\t<div class=\"duration-field\">\n\t\t\t\t\t\t                \t\t<input\n\t\t\t\t\t\t                \t\t\ttype=\"radio\"\n\t\t\t\t\t\t                \t\t\tid=\"duration-filter-2\"\n\t\t\t\t\t\t                \t\t\tclass=\"duration-filter\"\n\t\t\t\t\t\t                \t\t\tname=\"duration_value_from\"\n\t\t\t\t\t\t                \t\t\tvalue=\"5\"\n\t\t\t\t\t\t                \t\t\/>\n\t\t\t\t\t\t                \t\t<input\n\t\t\t\t\t\t                \t\t\ttype=\"hidden\"\n\t\t\t\t\t\t                \t\t\tclass=\"duration-filter-to\"\n\t\t\t\t\t\t                \t\t\tname=\"duration_value_to\"\n\t\t\t\t\t\t                \t\t\tvalue=\"7\"\n\t\t\t\t\t\t                \t\t\/>\n\t\t\t\t\t\t                \t\t<input\n\t\t\t\t\t\t                \t\t\ttype=\"hidden\"\n\t\t\t\t\t\t                \t\t\tclass=\"duration-filter-type\"\n\t\t\t\t\t\t                \t\t\tname=\"duration_value_type\"\n\t\t\t\t\t\t                \t\t\tvalue=\"hour\"\n\t\t\t\t\t\t                \t\t\/>\n\t\t\t\t\t\t        \t     \t\t<label for=\"duration-filter-2\">\n\t\t\t\t\t\t\t\t\t\t\t\t\t<span class=\"duration-name\">\n\t\t\t\t\t\t\t\t\t\t\t\t\t\t5-7 \u0633\u0627\u0639\u0627\u062a\t\t\t\t\t\t\t\t\t\t\t\t\t<\/span>\n\t\t\t\t\t\t\t\t\t\t\t\t<\/label>\n\t\t\t\t\t                \t\t<\/div>\n\t\t\t\t\t                \t\t\t\t\t\t\t                \t\t<div class=\"duration-field\">\n\t\t\t\t\t\t                \t\t<input\n\t\t\t\t\t\t                \t\t\ttype=\"radio\"\n\t\t\t\t\t\t                \t\t\tid=\"duration-filter-3\"\n\t\t\t\t\t\t                \t\t\tclass=\"duration-filter\"\n\t\t\t\t\t\t                \t\t\tname=\"duration_value_from\"\n\t\t\t\t\t\t                \t\t\tvalue=\"7\"\n\t\t\t\t\t\t                \t\t\/>\n\t\t\t\t\t\t                \t\t<input\n\t\t\t\t\t\t                \t\t\ttype=\"hidden\"\n\t\t\t\t\t\t                \t\t\tclass=\"duration-filter-to\"\n\t\t\t\t\t\t                \t\t\tname=\"duration_value_to\"\n\t\t\t\t\t\t                \t\t\tvalue=\"\"\n\t\t\t\t\t\t                \t\t\/>\n\t\t\t\t\t\t                \t\t<input\n\t\t\t\t\t\t                \t\t\ttype=\"hidden\"\n\t\t\t\t\t\t                \t\t\tclass=\"duration-filter-type\"\n\t\t\t\t\t\t                \t\t\tname=\"duration_value_type\"\n\t\t\t\t\t\t                \t\t\tvalue=\"hour\"\n\t\t\t\t\t\t                \t\t\/>\n\t\t\t\t\t\t        \t     \t\t<label for=\"duration-filter-3\">\n\t\t\t\t\t\t\t\t\t\t\t\t\t<span class=\"duration-name\">\n\t\t\t\t\t\t\t\t\t\t\t\t\t\t+7 \u0633\u0627\u0639\u0627\u062a\t\t\t\t\t\t\t\t\t\t\t\t\t<\/span>\n\t\t\t\t\t\t\t\t\t\t\t\t<\/label>\n\t\t\t\t\t                \t\t<\/div>\n\t\t\t\t\t                \t\t\t\t\t\t\t                \t\t<div class=\"duration-field\">\n\t\t\t\t\t\t                \t\t<input\n\t\t\t\t\t\t                \t\t\ttype=\"radio\"\n\t\t\t\t\t\t                \t\t\tid=\"duration-filter-4\"\n\t\t\t\t\t\t                \t\t\tclass=\"duration-filter\"\n\t\t\t\t\t\t                \t\t\tname=\"duration_value_from\"\n\t\t\t\t\t\t                \t\t\tvalue=\"1\"\n\t\t\t\t\t\t                \t\t\/>\n\t\t\t\t\t\t                \t\t<input\n\t\t\t\t\t\t                \t\t\ttype=\"hidden\"\n\t\t\t\t\t\t                \t\t\tclass=\"duration-filter-to\"\n\t\t\t\t\t\t                \t\t\tname=\"duration_value_to\"\n\t\t\t\t\t\t                \t\t\tvalue=\"3\"\n\t\t\t\t\t\t                \t\t\/>\n\t\t\t\t\t\t                \t\t<input\n\t\t\t\t\t\t                \t\t\ttype=\"hidden\"\n\t\t\t\t\t\t                \t\t\tclass=\"duration-filter-type\"\n\t\t\t\t\t\t                \t\t\tname=\"duration_value_type\"\n\t\t\t\t\t\t                \t\t\tvalue=\"day\"\n\t\t\t\t\t\t                \t\t\/>\n\t\t\t\t\t\t        \t     \t\t<label for=\"duration-filter-4\">\n\t\t\t\t\t\t\t\t\t\t\t\t\t<span class=\"duration-name\">\n\t\t\t\t\t\t\t\t\t\t\t\t\t\t1-3 \u0623\u064a\u0627\u0645\t\t\t\t\t\t\t\t\t\t\t\t\t<\/span>\n\t\t\t\t\t\t\t\t\t\t\t\t<\/label>\n\t\t\t\t\t                \t\t<\/div>\n\t\t\t\t\t                \t\t\t\t\t\t\t                \t\t<div class=\"duration-field\">\n\t\t\t\t\t\t                \t\t<input\n\t\t\t\t\t\t                \t\t\ttype=\"radio\"\n\t\t\t\t\t\t                \t\t\tid=\"duration-filter-5\"\n\t\t\t\t\t\t                \t\t\tclass=\"duration-filter\"\n\t\t\t\t\t\t                \t\t\tname=\"duration_value_from\"\n\t\t\t\t\t\t                \t\t\tvalue=\"3\"\n\t\t\t\t\t\t                \t\t\/>\n\t\t\t\t\t\t                \t\t<input\n\t\t\t\t\t\t                \t\t\ttype=\"hidden\"\n\t\t\t\t\t\t                \t\t\tclass=\"duration-filter-to\"\n\t\t\t\t\t\t                \t\t\tname=\"duration_value_to\"\n\t\t\t\t\t\t                \t\t\tvalue=\"\"\n\t\t\t\t\t\t                \t\t\/>\n\t\t\t\t\t\t                \t\t<input\n\t\t\t\t\t\t                \t\t\ttype=\"hidden\"\n\t\t\t\t\t\t                \t\t\tclass=\"duration-filter-type\"\n\t\t\t\t\t\t                \t\t\tname=\"duration_value_type\"\n\t\t\t\t\t\t                \t\t\tvalue=\"day\"\n\t\t\t\t\t\t                \t\t\/>\n\t\t\t\t\t\t        \t     \t\t<label for=\"duration-filter-5\">\n\t\t\t\t\t\t\t\t\t\t\t\t\t<span class=\"duration-name\">\n\t\t\t\t\t\t\t\t\t\t\t\t\t\t+3 \u0623\u064a\u0627\u0645\t\t\t\t\t\t\t\t\t\t\t\t\t<\/span>\n\t\t\t\t\t\t\t\t\t\t\t\t<\/label>\n\t\t\t\t\t                \t\t<\/div>\n\t\t\t\t\t                \t\t\t\t\t\t\t        \t    <\/div>\n\t\t\t\t\t        \t\t\t\t\t        \t<\/div>\n\t\t\t\t        <\/div>\n\t\t\t\t    \n\t\t\t\t    <!-- button -->\n\t\t\t\t\t<div class=\"ovabrw-search-btn\">\n\t\t\t\t\t\t<button class=\"ovabrw-btn\" type=\"submit\">\n\t\t\t\t\t\t\t<i aria-hidden=\"true\" class=\"icomoon icomoon-search\"><\/i>\u0628\u062d\u062b\t\t\t\t\t\t<\/button>\t\t\n\t\t\t\t\t<\/div>\n\t\t\t\t<\/form>\n\t\t\t<\/div>\n\t\t<\/div>\n    <\/div>\n<\/div>\t\t\t\t<\/div>\n\t\t\t\t<\/div>\n\t\t\t\t\t<\/div>\n\t\t<\/div>\n\t\t\t\t\t<\/div>\n\t\t<\/section>\n\t\t\t\t<\/div>\n\t\t","protected":false},"excerpt":{"rendered":"<p>0 \u062a\u0645 \u0627\u0644\u0639\u062b\u0648\u0631 \u0639\u0644\u0649 \u0627\u0644\u0646\u0634\u0627\u0637 \u0641\u0644\u062a\u0631 \u0646\u0638\u064a\u0641 En son De\u011ferlendirme D\u00fc\u015f\u00fckten y\u00fckse\u011fe Y\u00fcksekten d\u00fc\u015f\u00fc\u011fe \u0646\u0634\u0627\u0637 \u0627\u0644\u0628\u062d\u062b 0 \u0644\u0644\u0628\u0627\u0644\u063a\u064a\u0646 \u0637\u0641\u0644 (3-12 \u0633\u0646\u0629) \u0627\u0644\u0637\u0641\u0644 (\u0635\u0641\u0631-2) \u0633\u0639\u0631 \u0627\u0644\u062a\u0635\u0641\u064a\u0629 &#036; &#036; \u0627\u0644\u0645\u062f\u0629 \u0645\u0646 0-3 \u0633\u0627\u0639\u0627\u062a 3-5 \u0633\u0627\u0639\u0627\u062a 5-7 \u0633\u0627\u0639\u0627\u062a +7 \u0633\u0627\u0639\u0627\u062a 1-3 \u0623\u064a\u0627\u0645 +3 \u0623\u064a\u0627\u0645 \u0628\u062d\u062b<\/p>\n","protected":false},"author":1,"featured_media":0,"parent":0,"menu_order":0,"comment_status":"closed","ping_status":"closed","template":"elementor_header_footer","meta":{"footnotes":""},"class_list":["post-10368","page","type-page","status-publish","hentry"],"_links":{"self":[{"href":"https:\/\/liontourdubai.com\/ar\/wp-json\/wp\/v2\/pages\/10368","targetHints":{"allow":["GET"]}}],"collection":[{"href":"https:\/\/liontourdubai.com\/ar\/wp-json\/wp\/v2\/pages"}],"about":[{"href":"https:\/\/liontourdubai.com\/ar\/wp-json\/wp\/v2\/types\/page"}],"author":[{"embeddable":true,"href":"https:\/\/liontourdubai.com\/ar\/wp-json\/wp\/v2\/users\/1"}],"replies":[{"embeddable":true,"href":"https:\/\/liontourdubai.com\/ar\/wp-json\/wp\/v2\/comments?post=10368"}],"version-history":[{"count":5,"href":"https:\/\/liontourdubai.com\/ar\/wp-json\/wp\/v2\/pages\/10368\/revisions"}],"predecessor-version":[{"id":10842,"href":"https:\/\/liontourdubai.com\/ar\/wp-json\/wp\/v2\/pages\/10368\/revisions\/10842"}],"wp:attachment":[{"href":"https:\/\/liontourdubai.com\/ar\/wp-json\/wp\/v2\/media?parent=10368"}],"curies":[{"name":"wp","href":"https:\/\/api.w.org\/{rel}","templated":true}]}}